{"id":12,"date":"2023-05-16T23:01:21","date_gmt":"2023-05-16T23:01:21","guid":{"rendered":"http:\/\/www.shinwapress.co.jp\/?page_id=12"},"modified":"2023-07-06T04:34:14","modified_gmt":"2023-07-06T04:34:14","slug":"contact","status":"publish","type":"page","link":"https:\/\/www.shinwapress.co.jp\/?page_id=12","title":{"rendered":"\u304a\u554f\u3044\u5408\u308f\u305b"},"content":{"rendered":"\n<pre class=\"wp-block-preformatted\">\u4ee5\u4e0b\u306e\u30d5\u30a9\u30fc\u30e0\u3088\u308a\u304a\u6c17\u8efd\u306b\u304a\u554f\u3044\u5408\u308f\u305b\u304f\u3060\u3055\u3044\u3002\n\u304a\u554f\u3044\u5408\u308f\u305b\u3044\u305f\u3060\u3044\u305f\u5185\u5bb9\u306f\u78ba\u8a8d\u6b21\u7b2c\u3001\u62c5\u5f53\u8005\u3088\u308a\u3054\u9023\u7d61\u3044\u305f\u3057\u307e\u3059\u3002\n\u571f\u65e5\u30fb\u795d\u65e5\u7b49\u3001\u5f0a\u793e\u4f11\u696d\u65e5\u306b\u3044\u305f\u3060\u3044\u305f\u304a\u554f\u3044\u5408\u308f\u305b\u306b\u3064\u304d\u307e\u3057\u3066\u306f\u3001\u7fcc\u55b6\u696d\u65e5\u4ee5\u964d\u306e\u56de\u7b54\u3068\u3055\u305b\u3066\u3044\u305f\u3060\u304d\u307e\u3059\u3002\n\u307e\u305f\u3001\u304a\u554f\u3044\u5408\u308f\u305b\u3044\u305f\u3060\u3044\u305f\u5185\u5bb9\u306b\u3088\u308a\u307e\u3057\u3066\u306f\u3001\u304a\u8fd4\u4e8b\u306b\u304a\u6642\u9593\u3092\u3044\u305f\u3060\u304f\u5834\u5408\u3084\u304a\u8fd4\u4e8b\u3044\u305f\u3057\u304b\u306d\u308b\u5834\u5408\u304c\u3054\u3056\u3044\u307e\u3059\u3002\u4e88\u3081\u3054\u4e86\u627f\u304f\u3060\u3055\u3044\u3002\n\n\u203b\u3054\u5165\u529b\u3044\u305f\u3060\u3044\u305f\u500b\u4eba\u60c5\u5831\u306f\u3001\u3054\u672c\u4eba\u69d8\u306e\u8a31\u53ef\u306a\u304f\u7b2c\u4e09\u8005\u306b\u63d0\u4f9b\u3059\u308b\u3053\u3068\u306f\u3054\u3056\u3044\u307e\u305b\u3093\u3002<\/pre>\n\n\n\n<div class=\"wp-block-contact-form-7-contact-form-selector\">\n<div class=\"wpcf7 no-js\" id=\"wpcf7-f294-o1\" lang=\"ja\" dir=\"ltr\" data-wpcf7-id=\"294\">\n<div class=\"screen-reader-response\"><p role=\"status\" aria-live=\"polite\" aria-atomic=\"true\"><\/p> <ul><\/ul><\/div>\n<form action=\"\/index.php?rest_route=%2Fwp%2Fv2%2Fpages%2F12#wpcf7-f294-o1\" method=\"post\" class=\"wpcf7-form init\" aria-label=\"\u30b3\u30f3\u30bf\u30af\u30c8\u30d5\u30a9\u30fc\u30e0\" novalidate=\"novalidate\" data-status=\"init\">\n<fieldset class=\"hidden-fields-container\"><input type=\"hidden\" name=\"_wpcf7\" value=\"294\" \/><input type=\"hidden\" name=\"_wpcf7_version\" value=\"6.1.5\" \/><input type=\"hidden\" name=\"_wpcf7_locale\" value=\"ja\" \/><input type=\"hidden\" name=\"_wpcf7_unit_tag\" value=\"wpcf7-f294-o1\" \/><input type=\"hidden\" name=\"_wpcf7_container_post\" value=\"0\" \/><input type=\"hidden\" name=\"_wpcf7_posted_data_hash\" value=\"\" \/>\n<\/fieldset>\n<table class=\"CF7_table\">\n\t<tr>\n\t\t<th>\n\t\t\t<p><span class=\"CF7_req\">\u5fc5\u9808<\/span>\u3054\u76f8\u8ac7\u5185\u5bb9\n\t\t\t<\/p>\n\t\t<\/th>\n\t\t<td>\n\t\t\t<p><span class=\"wpcf7-form-control-wrap\" data-name=\"checkbox-inq\"><span class=\"wpcf7-form-control wpcf7-checkbox wpcf7-validates-as-required\"><span class=\"wpcf7-list-item first\"><input type=\"checkbox\" name=\"checkbox-inq[]\" value=\"\u3054\u76f8\u8ac7\" \/><span class=\"wpcf7-list-item-label\">\u3054\u76f8\u8ac7<\/span><\/span><span class=\"wpcf7-list-item\"><input type=\"checkbox\" name=\"checkbox-inq[]\" value=\"\u304a\u898b\u7a4d\u3082\u308a\" \/><span class=\"wpcf7-list-item-label\">\u304a\u898b\u7a4d\u3082\u308a<\/span><\/span><span class=\"wpcf7-list-item\"><input type=\"checkbox\" name=\"checkbox-inq[]\" value=\"\u304a\u554f\u3044\u5408\u308f\u305b\" \/><span class=\"wpcf7-list-item-label\">\u304a\u554f\u3044\u5408\u308f\u305b<\/span><\/span><span class=\"wpcf7-list-item\"><input type=\"checkbox\" name=\"checkbox-inq[]\" value=\"\u63a1\u7528\" \/><span class=\"wpcf7-list-item-label\">\u63a1\u7528<\/span><\/span><span class=\"wpcf7-list-item last\"><input type=\"checkbox\" name=\"checkbox-inq[]\" value=\"\u305d\u306e\u4ed6\" \/><span class=\"wpcf7-list-item-label\">\u305d\u306e\u4ed6<\/span><\/span><\/span><\/span>\n\t\t\t<\/p>\n\t\t<\/td>\n\t<\/tr>\n\t<tr>\n\t\t<th>\n\t\t\t<p><span class=\"CF7_req\">\u5fc5\u9808<\/span>\u304a\u540d\u524d\n\t\t\t<\/p>\n\t\t<\/th>\n\t\t<td>\n\t\t\t<p><span class=\"wpcf7-form-control-wrap\" data-name=\"your-name\"><input size=\"40\" maxlength=\"400\" class=\"wpcf7-form-control wpcf7-text wpcf7-validates-as-required\" aria-required=\"true\" aria-invalid=\"false\" placeholder=\"\u4f8b\uff1a\u3042\u306a\u305f\u306e\u304a\u540d\u524d\" value=\"\" type=\"text\" name=\"your-name\" \/><\/span>\n\t\t\t<\/p>\n\t\t<\/td>\n\t<\/tr>\n\t<tr>\n\t\t<th>\n\t\t\t<p><span class=\"CF7_req\">\u5fc5\u9808<\/span>\u3054\u9023\u7d61\u5148\n\t\t\t<\/p>\n\t\t<\/th>\n\t\t<td>\n\t\t\t<p><span class=\"wpcf7-form-control-wrap\" data-name=\"your-email\"><input size=\"40\" maxlength=\"400\" class=\"wpcf7-form-control wpcf7-email wpcf7-validates-as-required wpcf7-text wpcf7-validates-as-email\" aria-required=\"true\" aria-invalid=\"false\" placeholder=\"\u4f8b\uff1a\u00d7\u00d7\u00d7@\u00d7\u00d7\u00d7.com\" value=\"\" type=\"email\" name=\"your-email\" \/><\/span>\n\t\t\t<\/p>\n\t\t<\/td>\n\t<\/tr>\n\t<tr>\n\t\t<th>\n\t\t\t<p><span class=\"CF7_unreq\">\u4efb\u610f<\/span>\u4f1a\u793e\u540d\n\t\t\t<\/p>\n\t\t<\/th>\n\t\t<td>\n\t\t\t<p><span class=\"wpcf7-form-control-wrap\" data-name=\"your-company\"><input size=\"40\" maxlength=\"400\" class=\"wpcf7-form-control wpcf7-text\" aria-invalid=\"false\" placeholder=\"\u4f8b\uff1a\u25ef\u25ef\u682a\u5f0f\u4f1a\u793e\" value=\"\" type=\"text\" name=\"your-company\" \/><\/span>\n\t\t\t<\/p>\n\t\t<\/td>\n\t<\/tr>\n\t<tr>\n\t\t<th>\n\t\t\t<p><span class=\"CF7_unreq\">\u4efb\u610f<\/span>\u3054\u4f4f\u6240\n\t\t\t<\/p>\n\t\t<\/th>\n\t\t<td class=\"address-100\">\n\t\t\t<p><span class=\"wpcf7-form-control-wrap\" data-name=\"addr\"><input size=\"40\" maxlength=\"400\" class=\"wpcf7-form-control wpcf7-text\" id=\"addr\" aria-invalid=\"false\" placeholder=\"\u4f8b\uff1a\u4e2d\u592e\u533a\u9280\u5ea7\uff11\uff12\uff13\uff14\uff15\" value=\"\" type=\"text\" name=\"addr\" \/><\/span>\n\t\t\t<\/p>\n\t\t<\/td>\n\t<\/tr>\n\t<tr>\n\t\t<th>\n\t\t\t<p><span class=\"CF7_req\">\u5fc5\u9808<\/span>\u30e1\u30c3\u30bb\u30fc\u30b8\u672c\u6587\n\t\t\t<\/p>\n\t\t<\/th>\n\t\t<td class=\"message-100\">\n\t\t\t<p><span class=\"wpcf7-form-control-wrap\" data-name=\"your-message\"><textarea cols=\"40\" rows=\"10\" maxlength=\"2000\" class=\"wpcf7-form-control wpcf7-textarea wpcf7-validates-as-required\" aria-required=\"true\" aria-invalid=\"false\" placeholder=\"\u304a\u554f\u3044\u5408\u308f\u305b\u5185\u5bb9\u3092\u3054\u8a18\u5165\u304f\u3060\u3055\u3044\" name=\"your-message\"><\/textarea><\/span>\n\t\t\t<\/p>\n\t\t<\/td>\n\t<\/tr>\n<\/table>\n<p class=\"CF7_btn\"><input class=\"wpcf7-form-control wpcf7-submit has-spinner\" type=\"submit\" value=\"\u9001\u4fe1\u3059\u308b\" \/>\n<\/p><input type='hidden' class='wpcf7-pum' value='{\"closepopup\":true,\"closedelay\":3,\"openpopup\":true,\"openpopup_id\":1075}' \/><div class=\"wpcf7-response-output\" aria-hidden=\"true\"><\/div>\n<\/form>\n<\/div>\n<\/div>\n","protected":false},"excerpt":{"rendered":"<p>\u4ee5\u4e0b\u306e\u30d5\u30a9\u30fc\u30e0\u3088\u308a\u304a\u6c17\u8efd\u306b\u304a\u554f\u3044\u5408\u308f\u305b\u304f\u3060\u3055\u3044\u3002 \u304a\u554f\u3044\u5408\u308f\u305b\u3044\u305f\u3060\u3044\u305f\u5185\u5bb9\u306f\u78ba\u8a8d\u6b21\u7b2c\u3001\u62c5\u5f53\u8005\u3088\u308a\u3054\u9023\u7d61\u3044\u305f\u3057\u307e\u3059\u3002 \u571f\u65e5\u30fb\u795d\u65e5\u7b49\u3001\u5f0a\u793e\u4f11\u696d\u65e5\u306b\u3044\u305f\u3060\u3044\u305f\u304a\u554f\u3044\u5408\u308f\u305b\u306b\u3064\u304d\u307e\u3057\u3066\u306f\u3001\u7fcc\u55b6\u696d\u65e5\u4ee5\u964d\u306e\u56de\u7b54\u3068\u3055\u305b\u3066\u3044\u305f\u3060\u304d\u307e\u3059 [&hellip;]<\/p>\n","protected":false},"author":1,"featured_media":0,"parent":0,"menu_order":0,"comment_status":"closed","ping_status":"closed","template":"","meta":{"swell_btn_cv_data":"","footnotes":""},"class_list":["post-12","page","type-page","status-publish","hentry"],"_links":{"self":[{"href":"https:\/\/www.shinwapress.co.jp\/index.php?rest_route=\/wp\/v2\/pages\/12","targetHints":{"allow":["GET"]}}],"collection":[{"href":"https:\/\/www.shinwapress.co.jp\/index.php?rest_route=\/wp\/v2\/pages"}],"about":[{"href":"https:\/\/www.shinwapress.co.jp\/index.php?rest_route=\/wp\/v2\/types\/page"}],"author":[{"embeddable":true,"href":"https:\/\/www.shinwapress.co.jp\/index.php?rest_route=\/wp\/v2\/users\/1"}],"replies":[{"embeddable":true,"href":"https:\/\/www.shinwapress.co.jp\/index.php?rest_route=%2Fwp%2Fv2%2Fcomments&post=12"}],"version-history":[{"count":7,"href":"https:\/\/www.shinwapress.co.jp\/index.php?rest_route=\/wp\/v2\/pages\/12\/revisions"}],"predecessor-version":[{"id":1634,"href":"https:\/\/www.shinwapress.co.jp\/index.php?rest_route=\/wp\/v2\/pages\/12\/revisions\/1634"}],"wp:attachment":[{"href":"https:\/\/www.shinwapress.co.jp\/index.php?rest_route=%2Fwp%2Fv2%2Fmedia&parent=12"}],"curies":[{"name":"wp","href":"https:\/\/api.w.org\/{rel}","templated":true}]}}